{"id":226,"date":"2018-11-09T08:46:00","date_gmt":"2018-11-09T08:46:00","guid":{"rendered":"http:\/\/mobcn2015.com\/nosotros\/"},"modified":"2018-11-12T09:50:06","modified_gmt":"2018-11-12T09:50:06","slug":"nosaltres","status":"publish","type":"page","link":"https:\/\/mobcn2015.com\/ca\/nosaltres\/","title":{"rendered":"Nosaltres"},"content":{"rendered":"<p>[et_pb_section fb_built=&#8221;1&#8243; admin_label=&#8221;Hero&#8221; _builder_version=&#8221;3.15&#8243; use_background_color_gradient=&#8221;on&#8221; background_color_gradient_start=&#8221;rgba(40,40,40,0.79)&#8221; background_color_gradient_end=&#8221;rgba(40,40,40,0.86)&#8221; background_color_gradient_type=&#8221;radial&#8221; background_color_gradient_direction_radial=&#8221;top left&#8221; background_color_gradient_overlays_image=&#8221;on&#8221; background_image=&#8221;https:\/\/mobcn2015.com\/wp-content\/uploads\/2018\/11\/adam-birkett-256243-unsplash.jpg&#8221; custom_margin=&#8221;||||false&#8221; custom_padding=&#8221;53px||53px||true|false&#8221;][et_pb_row make_fullwidth=&#8221;on&#8221; custom_padding=&#8221;27px|0px|45px|0px|false|false&#8221; _builder_version=&#8221;3.15&#8243;][et_pb_column type=&#8221;3_5&#8243; _builder_version=&#8221;3.0.47&#8243; parallax=&#8221;off&#8221; parallax_method=&#8221;on&#8221;][et_pb_text _builder_version=&#8221;3.9&#8243; text_font=&#8221;||||||||&#8221; text_font_size_tablet=&#8221;14px&#8221; text_font_size_last_edited=&#8221;off|desktop&#8221; header_font=&#8221;Rubik|700|||||||&#8221; header_font_size=&#8221;64px&#8221; header_font_size_tablet=&#8221;44px&#8221; header_font_size_phone=&#8221;32px&#8221; header_font_size_last_edited=&#8221;on|phone&#8221; header_line_height=&#8221;1.1em&#8221; border_color_all=&#8221;#ffb400&#8243; border_width_left=&#8221;10px&#8221; background_layout=&#8221;dark&#8221; max_width=&#8221;800px&#8221; custom_margin=&#8221;||0px|&#8221; custom_padding=&#8221;|||16px&#8221;]<\/p>\n<h1>Sobre nosaltres<\/h1>\n<p>[\/et_pb_text][et_pb_text _builder_version=&#8221;3.9&#8243; text_font=&#8221;||||||||&#8221; text_font_size=&#8221;22px&#8221; text_font_size_tablet=&#8221;18px&#8221; text_font_size_last_edited=&#8221;on|phone&#8221; text_line_height=&#8221;1.6em&#8221; header_font=&#8221;||||||||&#8221; background_layout=&#8221;dark&#8221; max_width=&#8221;800px&#8221; custom_margin=&#8221;|||&#8221; custom_padding=&#8221;20px||20px||true&#8221;]<\/p>\n<p>Som una empresa vinculada a la construcci\u00f3 i reforma des de 2015, formats tant en el comercial com en el t\u00e8cnic en una de les empreses l\u00edders en l&#8217;actualitat de venda de cer\u00e0mica, &#8220;Comercial ceramista gaia hnos&#8221; amb mes de 45 anys d&#8217;experi\u00e8ncia en el sector de venda i col\u00b7locaci\u00f3 de cer\u00e0mica.<\/p>\n<p>Realitzant grans projectes amb els millors promotors i constructors de Catalunya. S\u00f3n exemple: Epais, Clau d&#8217;or, Metro3, Amery Oncisa, Teyco &#8230;<\/p>\n<p>[\/et_pb_text][\/et_pb_column][et_pb_column type=&#8221;1_5&#8243; _builder_version=&#8221;3.0.47&#8243; parallax=&#8221;off&#8221; parallax_method=&#8221;on&#8221;][et_pb_text _builder_version=&#8221;3.15&#8243; text_font=&#8221;||||||||&#8221; header_font=&#8221;||||||||&#8221; header_2_font=&#8221;Rubik|700|||||||&#8221; header_2_text_color=&#8221;#ffb400&#8243; header_2_font_size=&#8221;32px&#8221; header_2_font_size_last_edited=&#8221;off|desktop&#8221; header_2_line_height=&#8221;1.2em&#8221; custom_margin=&#8221;|||&#8221; custom_padding=&#8221;|||&#8221;]<\/p>\n<h2>Qu\u00e8 oferim?<\/h2>\n<p>[\/et_pb_text][et_pb_blurb title=&#8221;Assessorament t\u00e8cnic&#8221; use_icon=&#8221;on&#8221; font_icon=&#8221;%%147%%&#8221; icon_color=&#8221;#e09900&#8243; icon_placement=&#8221;left&#8221; content_max_width=&#8221;1100px&#8221; use_icon_font_size=&#8221;on&#8221; icon_font_size=&#8221;56px&#8221; content_max_width_tablet=&#8221;1100px&#8221; content_max_width_last_edited=&#8221;off|desktop&#8221; _builder_version=&#8221;3.15&#8243; header_font=&#8221;Rubik|700|||||||&#8221; header_line_height=&#8221;1.4em&#8221; body_font=&#8221;||||||||&#8221; body_font_size=&#8221;15px&#8221; body_line_height=&#8221;1.8em&#8221; background_layout=&#8221;dark&#8221; custom_margin=&#8221;|||&#8221; custom_padding=&#8221;|||&#8221; animation_style=&#8221;slide&#8221; animation_direction=&#8221;right&#8221; animation_intensity_slide=&#8221;10%&#8221; animation=&#8221;off&#8221;]<\/p>\n<p style=\"text-align: left;\"><span style=\"color: #e09900;\"><a href=\"https:\/\/mobcn2015.com\/ca\/serveis\/\" style=\"color: #e09900;\">+M\u00e9s<\/a><\/span><\/p>\n<p>[\/et_pb_blurb][et_pb_blurb title=&#8221;Reformes Integrals&#8221; image=&#8221;https:\/\/mobcn2015.com\/wp-content\/uploads\/2018\/11\/construction-icon-2-gray.png&#8221; icon_placement=&#8221;left&#8221; image_max_width=&#8221;64px&#8221; content_max_width=&#8221;1100px&#8221; content_max_width_tablet=&#8221;1100px&#8221; content_max_width_last_edited=&#8221;off|desktop&#8221; _builder_version=&#8221;3.15&#8243; header_font=&#8221;Rubik|700|||||||&#8221; header_line_height=&#8221;1.4em&#8221; body_font=&#8221;||||||||&#8221; body_font_size=&#8221;15px&#8221; body_line_height=&#8221;1.8em&#8221; background_layout=&#8221;dark&#8221; custom_margin=&#8221;|||&#8221; custom_padding=&#8221;|||&#8221; animation_style=&#8221;slide&#8221; animation_direction=&#8221;right&#8221; animation_intensity_slide=&#8221;10%&#8221; animation=&#8221;off&#8221;]<\/p>\n<p style=\"text-align: left;\"><span style=\"color: #e09900;\"><a href=\"https:\/\/mobcn2015.com\/ca\/serveis\/\" style=\"color: #e09900;\">+M\u00e9s<\/a><\/span><\/p>\n<p>[\/et_pb_blurb][et_pb_blurb title=&#8221;Paviments t\u00e8cnics&#8221; image=&#8221;https:\/\/mobcn2015.com\/wp-content\/uploads\/2018\/11\/construction-icon-1-gray.png&#8221; icon_placement=&#8221;left&#8221; image_max_width=&#8221;64px&#8221; content_max_width=&#8221;1100px&#8221; content_max_width_tablet=&#8221;1100px&#8221; content_max_width_last_edited=&#8221;off|desktop&#8221; _builder_version=&#8221;3.15&#8243; header_font=&#8221;Rubik|700|||||||&#8221; header_line_height=&#8221;1.4em&#8221; body_font=&#8221;||||||||&#8221; body_font_size=&#8221;15px&#8221; body_line_height=&#8221;1.8em&#8221; background_layout=&#8221;dark&#8221; custom_margin=&#8221;|||&#8221; custom_padding=&#8221;|||&#8221; animation_style=&#8221;slide&#8221; animation_direction=&#8221;right&#8221; animation_intensity_slide=&#8221;10%&#8221; animation=&#8221;off&#8221;]<\/p>\n<p style=\"text-align: left;\"><span><a href=\"https:\/\/mobcn2015.com\/ca\/serveis\/\"><span style=\"color: #e09900;\">+M\u00e9s<\/span><\/a><\/span><\/p>\n<p>[\/et_pb_blurb][\/et_pb_column][et_pb_column type=&#8221;1_5&#8243; _builder_version=&#8221;3.0.47&#8243; parallax=&#8221;off&#8221; parallax_method=&#8221;on&#8221;][et_pb_blurb title=&#8221;Fa\u00e7anes Ventilades&#8221; image=&#8221;https:\/\/mobcn2015.com\/wp-content\/uploads\/2018\/11\/modern-house-1-1.png&#8221; icon_placement=&#8221;left&#8221; image_max_width=&#8221;64px&#8221; content_max_width=&#8221;1100px&#8221; content_max_width_tablet=&#8221;1100px&#8221; content_max_width_last_edited=&#8221;off|desktop&#8221; _builder_version=&#8221;3.15&#8243; header_font=&#8221;Rubik|700|||||||&#8221; header_line_height=&#8221;1.4em&#8221; body_font=&#8221;||||||||&#8221; body_font_size=&#8221;15px&#8221; body_line_height=&#8221;1.8em&#8221; background_layout=&#8221;dark&#8221; custom_margin=&#8221;95px|||&#8221; custom_padding=&#8221;|||&#8221; animation_style=&#8221;slide&#8221; animation_direction=&#8221;right&#8221; animation_delay=&#8221;200ms&#8221; animation_intensity_slide=&#8221;10%&#8221; animation=&#8221;off&#8221;]<\/p>\n<p style=\"text-align: left;\"><span style=\"color: #e09900;\"><a href=\"https:\/\/mobcn2015.com\/ca\/serveis\/\" style=\"color: #e09900;\">+M\u00e9s<\/a><\/span><\/p>\n<p>[\/et_pb_blurb][et_pb_blurb title=&#8221;Col\u00b7locaci\u00f3 de Marbre \/ Cer\u00e0mica&#8221; image=&#8221;https:\/\/mobcn2015.com\/wp-content\/uploads\/2018\/11\/floor-1-1-1.png&#8221; icon_placement=&#8221;left&#8221; image_max_width=&#8221;64px&#8221; content_max_width=&#8221;1100px&#8221; content_max_width_tablet=&#8221;1100px&#8221; content_max_width_last_edited=&#8221;off|desktop&#8221; _builder_version=&#8221;3.15&#8243; header_font=&#8221;Rubik|700|||||||&#8221; header_line_height=&#8221;1.4em&#8221; body_font=&#8221;||||||||&#8221; body_font_size=&#8221;15px&#8221; body_line_height=&#8221;1.8em&#8221; background_layout=&#8221;dark&#8221; custom_margin=&#8221;|||&#8221; custom_padding=&#8221;|||&#8221; animation_style=&#8221;slide&#8221; animation_direction=&#8221;right&#8221; animation_delay=&#8221;100ms&#8221; animation_intensity_slide=&#8221;10%&#8221; animation=&#8221;off&#8221;]<\/p>\n<p><span style=\"color: #e09900;\"><a href=\"https:\/\/mobcn2015.com\/servicios\/\" style=\"color: #e09900;\"><span><\/span><\/a><a href=\"https:\/\/mobcn2015.com\/ca\/serveis\/\" style=\"color: #e09900;\">+M\u00e9s<\/a><\/span><\/p>\n<p>[\/et_pb_blurb][\/et_pb_column][\/et_pb_row][\/et_pb_section][et_pb_section fb_built=&#8221;1&#8243; admin_label=&#8221;About Us&#8221; _builder_version=&#8221;3.9&#8243;][et_pb_row custom_padding=&#8221;25px|0px|27px|0px|false|false&#8221; _builder_version=&#8221;3.9&#8243;][et_pb_column type=&#8221;4_4&#8243; _builder_version=&#8221;3.0.47&#8243; parallax=&#8221;off&#8221; parallax_method=&#8221;on&#8221;][et_pb_text _builder_version=&#8221;3.9&#8243; text_font=&#8221;||||||||&#8221; header_font=&#8221;||||||||&#8221; header_2_font=&#8221;Rubik|700|||||||&#8221; header_2_font_size=&#8221;42px&#8221; header_2_font_size_phone=&#8221;36px&#8221; header_2_font_size_last_edited=&#8221;on|phone&#8221; header_2_line_height=&#8221;1.2em&#8221; text_orientation=&#8221;center&#8221; module_alignment=&#8221;center&#8221; custom_margin=&#8221;|||&#8221; custom_padding=&#8221;|||&#8221; locked=&#8221;off&#8221;]<\/p>\n<h2>M.OBCN\u00b72015<\/h2>\n<p>[\/et_pb_text][et_pb_divider color=&#8221;#ffb400&#8243; divider_position=&#8221;center&#8221; divider_weight=&#8221;5px&#8221; _builder_version=&#8221;3.9&#8243; max_width=&#8221;50px&#8221; module_alignment=&#8221;center&#8221; locked=&#8221;off&#8221;][\/et_pb_divider][\/et_pb_column][\/et_pb_row][et_pb_row custom_padding=&#8221;27px|0px|27px|0px|false|false&#8221; _builder_version=&#8221;3.9&#8243;][et_pb_column type=&#8221;4_4&#8243; _builder_version=&#8221;3.0.47&#8243; parallax=&#8221;off&#8221; parallax_method=&#8221;on&#8221;][et_pb_text _builder_version=&#8221;3.15&#8243; text_font=&#8221;||||||||&#8221; text_font_size=&#8221;15px&#8221; text_line_height=&#8221;1.8em&#8221; text_orientation=&#8221;center&#8221; custom_padding=&#8221;|||&#8221; custom_padding_tablet=&#8221;|40px||40px||true&#8221; custom_padding_last_edited=&#8221;off|desktop&#8221;]<\/p>\n<p>La nostra empresa compta amb una \u00e0mplia experi\u00e8ncia a nivell t\u00e8cnic, amb un personal qualificat i amb una ambici\u00f3 de millorar.<br \/>Comptant amb les millors eines i la seva cont\u00ednua formaci\u00f3 en les noves t\u00e8cniques de col\u00b7locaci\u00f3.<\/p>\n<p>[\/et_pb_text][et_pb_text _builder_version=&#8221;3.15&#8243; text_font=&#8221;||||||||&#8221; text_font_size=&#8221;15px&#8221; text_line_height=&#8221;1.8em&#8221; custom_padding=&#8221;|||&#8221; custom_padding_tablet=&#8221;|40px||40px||true&#8221; custom_padding_last_edited=&#8221;off|desktop&#8221; locked=&#8221;off&#8221;][\/et_pb_text][\/et_pb_column][\/et_pb_row][\/et_pb_section][et_pb_section fb_built=&#8221;1&#8243; use_custom_width=&#8221;on&#8221; width_unit=&#8221;off&#8221; custom_width_percent=&#8221;100%&#8221; specialty=&#8221;on&#8221; padding_top_bottom_link_1=&#8221;true&#8221; padding_left_right_link_1=&#8221;false&#8221; padding_top_1=&#8221;80px&#8221; padding_bottom_1=&#8221;80px&#8221; padding_left_1=&#8221;60px&#8221; padding_1_tablet=&#8221;|10%||10%||true&#8221; padding_1_last_edited=&#8221;on|desktop&#8221; admin_label=&#8221;About Us Continued&#8221; _builder_version=&#8221;3.9&#8243; background_color=&#8221;#f7f7f7&#8243; custom_padding=&#8221;0||||false|false&#8221;][et_pb_column type=&#8221;1_3&#8243; _builder_version=&#8221;3.0.47&#8243; padding_tablet=&#8221;|10%||10%||true&#8221; padding_last_edited=&#8221;on|desktop&#8221; padding_bottom=&#8221;80px&#8221; padding_left=&#8221;60px&#8221; padding_top=&#8221;80px&#8221; parallax=&#8221;off&#8221; parallax_method=&#8221;on&#8221;][et_pb_text _builder_version=&#8221;3.15&#8243; text_font=&#8221;||||||||&#8221; header_font=&#8221;||||||||&#8221; header_2_font=&#8221;Rubik|700|||||||&#8221; header_2_font_size=&#8221;32px&#8221; header_2_font_size_last_edited=&#8221;off|desktop&#8221; header_2_line_height=&#8221;1.2em&#8221; custom_margin=&#8221;|||&#8221; custom_padding=&#8221;|||&#8221; locked=&#8221;off&#8221;]<\/p>\n<h2>NOM\u00c9S EL MILLOR<\/h2>\n<p>[\/et_pb_text][et_pb_blurb title=&#8221;Treballem amb les millors marques&#8221; use_icon=&#8221;on&#8221; font_icon=&#8221;%%24%%&#8221; icon_color=&#8221;#ffb400&#8243; icon_placement=&#8221;left&#8221; content_max_width=&#8221;1100px&#8221; use_icon_font_size=&#8221;on&#8221; icon_font_size=&#8221;56px&#8221; content_max_width_tablet=&#8221;1100px&#8221; content_max_width_last_edited=&#8221;off|desktop&#8221; _builder_version=&#8221;3.15&#8243; header_font=&#8221;Rubik|700|||||||&#8221; header_line_height=&#8221;1.4em&#8221; body_font=&#8221;||||||||&#8221; body_font_size=&#8221;15px&#8221; body_line_height=&#8221;1.8em&#8221; custom_margin=&#8221;|||&#8221; custom_padding=&#8221;|||&#8221; animation_style=&#8221;slide&#8221; animation_direction=&#8221;right&#8221; animation_intensity_slide=&#8221;10%&#8221; animation=&#8221;off&#8221;]<\/p>\n<ul>\n<li>Propamsa<\/li>\n<li>Mapei<\/li>\n<li>Raimondi<\/li>\n<li>Dural perfiles<\/li>\n<li>Comercial Ceramista gaya hnos<\/li>\n<\/ul>\n<p>[\/et_pb_blurb][et_pb_blurb title=&#8221;Treballem amb grans promotores&#8221; use_icon=&#8221;on&#8221; font_icon=&#8221;%%24%%&#8221; icon_color=&#8221;#ffb400&#8243; icon_placement=&#8221;left&#8221; content_max_width=&#8221;1100px&#8221; use_icon_font_size=&#8221;on&#8221; icon_font_size=&#8221;56px&#8221; content_max_width_tablet=&#8221;1100px&#8221; content_max_width_last_edited=&#8221;off|desktop&#8221; _builder_version=&#8221;3.15&#8243; header_font=&#8221;Rubik|700|||||||&#8221; header_line_height=&#8221;1.4em&#8221; body_font=&#8221;||||||||&#8221; body_font_size=&#8221;15px&#8221; body_line_height=&#8221;1.8em&#8221; custom_margin=&#8221;|||&#8221; custom_padding=&#8221;|||&#8221; animation_style=&#8221;slide&#8221; animation_direction=&#8221;right&#8221; animation_intensity_slide=&#8221;10%&#8221; animation=&#8221;off&#8221;]<\/p>\n<li>Epais\n<li>Llave de oro\n<li>Metro3\n<li>Amrey Oncisa\n<li>Teyco[\/et_pb_blurb][et_pb_blurb title=&#8221;Treballem amb personal qualificat i amb ambici\u00f3&#8221; use_icon=&#8221;on&#8221; font_icon=&#8221;%%24%%&#8221; icon_color=&#8221;#ffb400&#8243; icon_placement=&#8221;left&#8221; content_max_width=&#8221;1100px&#8221; use_icon_font_size=&#8221;on&#8221; icon_font_size=&#8221;56px&#8221; content_max_width_tablet=&#8221;1100px&#8221; content_max_width_last_edited=&#8221;off|desktop&#8221; _builder_version=&#8221;3.9&#8243; header_font=&#8221;Rubik|700|||||||&#8221; header_line_height=&#8221;1.4em&#8221; body_font=&#8221;||||||||&#8221; body_font_size=&#8221;15px&#8221; body_line_height=&#8221;1.8em&#8221; custom_margin=&#8221;|||&#8221; custom_padding=&#8221;|||&#8221; animation_style=&#8221;slide&#8221; animation_direction=&#8221;right&#8221; animation_intensity_slide=&#8221;10%&#8221; animation=&#8221;off&#8221;]\n<p>Treballem amb les millors eines i t\u00e8cniques per a la col\u00b7locaci\u00f3<\/p>\n<p>[\/et_pb_blurb][et_pb_button button_url=&#8221;https:\/\/mobcn2015.com\/ca\/contacte\/&#8221; button_text=&#8221;Contactans&#8221; button_alignment=&#8221;right&#8221; _builder_version=&#8221;3.15&#8243; custom_button=&#8221;on&#8221; button_text_size=&#8221;14px&#8221; button_text_color=&#8221;#ffb400&#8243; button_border_width=&#8221;1px&#8221; button_border_radius=&#8221;0px&#8221; button_letter_spacing=&#8221;4px&#8221; button_font=&#8221;Rubik|700||on|||||&#8221; button_icon=&#8221;%%3%%&#8221; button_text_color_hover=&#8221;#ffffff&#8221; button_bg_color_hover=&#8221;#ffb400&#8243; button_border_color_hover=&#8221;#ffb400&#8243; custom_padding=&#8221;12px|30px|12px|30px|true|true&#8221; locked=&#8221;off&#8221;][\/et_pb_button][\/et_pb_column][et_pb_column type=&#8221;2_3&#8243; specialty_columns=&#8221;2&#8243; _builder_version=&#8221;3.0.47&#8243; parallax=&#8221;off&#8221; parallax_method=&#8221;on&#8221;][et_pb_row_inner custom_padding=&#8221;0|0|0|0|true|true&#8221; custom_padding_tablet=&#8221;|40px||40px||true&#8221; custom_padding_last_edited=&#8221;off|desktop&#8221; _builder_version=&#8221;3.9&#8243; custom_margin=&#8221;|||&#8221;][et_pb_column_inner type=&#8221;4_4&#8243; saved_specialty_column_type=&#8221;2_3&#8243; _builder_version=&#8221;3.0.47&#8243; parallax=&#8221;off&#8221; parallax_method=&#8221;on&#8221;][et_pb_image src=&#8221;https:\/\/mobcn2015.com\/wp-content\/uploads\/2018\/11\/fotoruta2.jpg&#8221; force_fullwidth=&#8221;on&#8221; _builder_version=&#8221;3.15&#8243;][\/et_pb_image][\/et_pb_column_inner][\/et_pb_row_inner][et_pb_row_inner custom_padding=&#8221;0||0||true|false&#8221; use_custom_gutter=&#8221;on&#8221; gutter_width=&#8221;1&#8243; background_color_1=&#8221;#ffb400&#8243; background_color_2=&#8221;#2a2a2a&#8221; padding_top_bottom_link_1=&#8221;true&#8221; padding_top_bottom_link_2=&#8221;true&#8221; padding_top_1=&#8221;15px&#8221; padding_top_2=&#8221;15px&#8221; padding_bottom_1=&#8221;15px&#8221; padding_bottom_2=&#8221;15px&#8221; _builder_version=&#8221;3.9&#8243; background_color=&#8221;#d1d1d1&#8243; box_shadow_style=&#8221;preset3&#8243; box_shadow_vertical=&#8221;30px&#8221; box_shadow_blur=&#8221;65px&#8221; box_shadow_spread=&#8221;-30px&#8221; box_shadow_color=&#8221;rgba(0,0,0,0.35)&#8221; custom_margin=&#8221;|||&#8221; animation_style=&#8221;slide&#8221; animation_direction=&#8221;top&#8221; animation_intensity_slide=&#8221;10%&#8221;][et_pb_column_inner type=&#8221;1_2&#8243; saved_specialty_column_type=&#8221;2_3&#8243; _builder_version=&#8221;3.0.47&#8243; padding_bottom=&#8221;15px&#8221; padding_top=&#8221;15px&#8221; background_color=&#8221;#ffb400&#8243; parallax=&#8221;off&#8221; parallax_method=&#8221;on&#8221;][et_pb_number_counter title=&#8221;Desde&#8221; number=&#8221;2015&#8243; percent_sign=&#8221;off&#8221; _builder_version=&#8221;3.15&#8243; title_font=&#8221;Rubik|700||on|||||&#8221; title_font_size=&#8221;12px&#8221; title_letter_spacing=&#8221;2px&#8221; title_line_height=&#8221;1.6em&#8221; number_font=&#8221;Rubik|700|||||||&#8221; number_text_color=&#8221;#2a2a2a&#8221; number_font_size=&#8221;42px&#8221; number_font_size_phone=&#8221;36px&#8221; number_font_size_last_edited=&#8221;on|phone&#8221; number_line_height=&#8221;110px&#8221;][\/et_pb_number_counter][\/et_pb_column_inner][et_pb_column_inner type=&#8221;1_2&#8243; saved_specialty_column_type=&#8221;2_3&#8243; _builder_version=&#8221;3.0.47&#8243; padding_bottom=&#8221;15px&#8221; padding_top=&#8221;15px&#8221; background_color=&#8221;#2a2a2a&#8221; parallax=&#8221;off&#8221; parallax_method=&#8221;on&#8221;][et_pb_number_counter title=&#8221;obres de col\u00b7locaci\u00f3 de cer\u00e0mica&#8221; number=&#8221;300&#8243; percent_sign=&#8221;off&#8221; _builder_version=&#8221;3.15&#8243; title_font=&#8221;Rubik|700||on|||||&#8221; title_font_size=&#8221;12px&#8221; title_letter_spacing=&#8221;2px&#8221; title_line_height=&#8221;1.6em&#8221; number_font=&#8221;Rubik|700|||||||&#8221; number_text_color=&#8221;#ffffff&#8221; number_font_size=&#8221;42px&#8221; number_font_size_phone=&#8221;36px&#8221; number_font_size_last_edited=&#8221;on|phone&#8221; number_line_height=&#8221;110px&#8221; background_layout=&#8221;dark&#8221; locked=&#8221;off&#8221;][\/et_pb_number_counter][\/et_pb_column_inner][\/et_pb_row_inner][\/et_pb_column][\/et_pb_section]<\/p>\n","protected":false},"excerpt":{"rendered":"<p>Sobre nosaltresSom una empresa vinculada a la construcci\u00f3 i reforma des de 2015, formats tant en el comercial com en el t\u00e8cnic en una de les empreses l\u00edders en l&#8217;actualitat de venda de cer\u00e0mica, &#8220;Comercial ceramista gaia hnos&#8221; amb mes de 45 anys d&#8217;experi\u00e8ncia en el sector de venda i col\u00b7locaci\u00f3 de cer\u00e0mica. Realitzant grans [&hellip;]<\/p>\n","protected":false},"author":1,"featured_media":0,"parent":0,"menu_order":0,"comment_status":"closed","ping_status":"closed","template":"","meta":{"_et_pb_use_builder":"on","_et_pb_old_content":"","_et_gb_content_width":"","footnotes":""},"class_list":["post-226","page","type-page","status-publish","hentry"],"aioseo_notices":[],"_links":{"self":[{"href":"https:\/\/mobcn2015.com\/ca\/wp-json\/wp\/v2\/pages\/226","targetHints":{"allow":["GET"]}}],"collection":[{"href":"https:\/\/mobcn2015.com\/ca\/wp-json\/wp\/v2\/pages"}],"about":[{"href":"https:\/\/mobcn2015.com\/ca\/wp-json\/wp\/v2\/types\/page"}],"author":[{"embeddable":true,"href":"https:\/\/mobcn2015.com\/ca\/wp-json\/wp\/v2\/users\/1"}],"replies":[{"embeddable":true,"href":"https:\/\/mobcn2015.com\/ca\/wp-json\/wp\/v2\/comments?post=226"}],"version-history":[{"count":4,"href":"https:\/\/mobcn2015.com\/ca\/wp-json\/wp\/v2\/pages\/226\/revisions"}],"predecessor-version":[{"id":255,"href":"https:\/\/mobcn2015.com\/ca\/wp-json\/wp\/v2\/pages\/226\/revisions\/255"}],"wp:attachment":[{"href":"https:\/\/mobcn2015.com\/ca\/wp-json\/wp\/v2\/media?parent=226"}],"curies":[{"name":"wp","href":"https:\/\/api.w.org\/{rel}","templated":true}]}}